{"id":8978,"date":"2025-11-21T18:36:15","date_gmt":"2025-11-21T21:36:15","guid":{"rendered":"https:\/\/teamup.tech\/?page_id=8978"},"modified":"2025-12-02T15:56:24","modified_gmt":"2025-12-02T18:56:24","slug":"desarrollo-de-software","status":"publish","type":"page","link":"https:\/\/teamup.tech\/en\/desarrollo-de-software\/","title":{"rendered":"Desarrollo de software"},"content":{"rendered":"<div data-elementor-type=\"wp-page\" data-elementor-id=\"8978\" class=\"elementor elementor-8978\" data-elementor-post-type=\"page\">\n\t\t\t\t<div class=\"elementor-element elementor-element-da36b5a e-flex e-con-boxed e-con e-parent\" data-id=\"da36b5a\" data-element_type=\"container\" data-settings=\"{&quot;background_background&quot;:&quot;classic&quot;,&quot;wcf_enable_cursor_hover_effect_text&quot;:&quot;View&quot;,&quot;wcf-animation&quot;:&quot;none&quot;,&quot;aae_enable_header_sticky_area&quot;:&quot;no&quot;,&quot;wcf_enable_horizontal_scroll&quot;:&quot;no&quot;}\">\n\t\t\t\t\t<div class=\"e-con-inner\">\n\t\t<div class=\"elementor-element elementor-element-d558384 e-con-full e-flex e-con e-child\" data-id=\"d558384\" data-element_type=\"container\" data-settings=\"{&quot;background_background&quot;:&quot;slideshow&quot;,&quot;background_slideshow_gallery&quot;:[{&quot;id&quot;:8990,&quot;url&quot;:&quot;https:\\\/\\\/teamup.tech\\\/wp-content\\\/uploads\\\/2025\\\/11\\\/pexels-djordje-petrovic-590080-2102416-scaled.jpg&quot;}],&quot;wcf_enable_cursor_hover_effect_text&quot;:&quot;View&quot;,&quot;background_slideshow_loop&quot;:&quot;yes&quot;,&quot;background_slideshow_slide_duration&quot;:5000,&quot;background_slideshow_slide_transition&quot;:&quot;fade&quot;,&quot;background_slideshow_transition_duration&quot;:500,&quot;wcf-animation&quot;:&quot;none&quot;,&quot;aae_enable_header_sticky_area&quot;:&quot;no&quot;,&quot;wcf_enable_horizontal_scroll&quot;:&quot;no&quot;}\">\n\t\t\t\t<div class=\"elementor-element elementor-element-f21cf61 wcf-t-animation-char elementor-widget elementor-widget-wcf--title\" data-id=\"f21cf61\" data-element_type=\"widget\" data-settings=\"{&quot;wcf_text_animation&quot;:&quot;char&quot;,&quot;aae_text_trigger&quot;:&quot;on_scroll&quot;,&quot;text_delay&quot;:0.15,&quot;text_duration&quot;:1,&quot;text_stagger&quot;:0.02,&quot;text_translate_x&quot;:20,&quot;text_translate_y&quot;:0,&quot;wcf-animation&quot;:&quot;none&quot;}\" data-widget_type=\"wcf--title.default\">\n\t\t\t\t<div class=\"elementor-widget-container\">\n\t\t\t\t\t<h2 class=\"wcf--title\">software development<\/h2>\t\t\t\t<\/div>\n\t\t\t\t<\/div>\n\t\t\t\t<div class=\"elementor-element elementor-element-f613f82 elementor-widget elementor-widget-aae--advanced-button\" data-id=\"f613f82\" data-element_type=\"widget\" data-settings=\"{&quot;wcf-animation&quot;:&quot;none&quot;}\" data-widget_type=\"aae--advanced-button.default\">\n\t\t\t\t<div class=\"elementor-widget-container\">\n\t\t\t\t\t\r\n\t\t<div class=\"aae--btn-pro-wrapper style-1\">\r\n\t\t\t\t\t\t\t<a href=\"https:\/\/teamup.tech\/en\/contacto\/\" rel=\"nofollow\" class=\"aae--btn-pro btn-border-divide\">\r\n\t\t\t\t\t<span class=\"text\">GET IN TOUCH<\/span>\r\n\t\t\t\t\t<span class=\"icon\">\r\n\t\t\t\t\t\t<svg aria-hidden=\"true\" class=\"e-font-icon-svg e-fas-arrow-right\" viewbox=\"0 0 448 512\" xmlns=\"http:\/\/www.w3.org\/2000\/svg\"><path d=\"M190.5 66.9l22.2-22.2c9.4-9.4 24.6-9.4 33.9 0L441 239c9.4 9.4 9.4 24.6 0 33.9L246.6 467.3c-9.4 9.4-24.6 9.4-33.9 0l-22.2-22.2c-9.5-9.5-9.3-25 .4-34.3L311.4 296H24c-13.3 0-24-10.7-24-24v-32c0-13.3 10.7-24 24-24h287.4L190.9 101.2c-9.8-9.3-10-24.8-.4-34.3z\"><\/path><\/svg>\t\t\t\t\t\t<svg aria-hidden=\"true\" class=\"e-font-icon-svg e-fas-arrow-right\" viewbox=\"0 0 448 512\" xmlns=\"http:\/\/www.w3.org\/2000\/svg\"><path d=\"M190.5 66.9l22.2-22.2c9.4-9.4 24.6-9.4 33.9 0L441 239c9.4 9.4 9.4 24.6 0 33.9L246.6 467.3c-9.4 9.4-24.6 9.4-33.9 0l-22.2-22.2c-9.5-9.5-9.3-25 .4-34.3L311.4 296H24c-13.3 0-24-10.7-24-24v-32c0-13.3 10.7-24 24-24h287.4L190.9 101.2c-9.8-9.3-10-24.8-.4-34.3z\"><\/path><\/svg>\t\t\t\t\t<\/span>\r\n\t\t\t\t<\/a>\r\n\t\t\t\t\t<\/div>\r\n\t\t\t\t\t\t<\/div>\n\t\t\t\t<\/div>\n\t\t\t\t<\/div>\n\t\t<div class=\"elementor-element elementor-element-747950f e-con-full e-flex e-con e-child\" data-id=\"747950f\" data-element_type=\"container\" data-settings=\"{&quot;wcf_enable_cursor_hover_effect_text&quot;:&quot;View&quot;,&quot;wcf-animation&quot;:&quot;none&quot;,&quot;aae_enable_header_sticky_area&quot;:&quot;no&quot;,&quot;wcf_enable_horizontal_scroll&quot;:&quot;no&quot;}\">\n\t\t\t\t<div class=\"elementor-element elementor-element-c8d0bb3 wcf-t-animation-none elementor-invisible elementor-widget elementor-widget-text-editor\" data-id=\"c8d0bb3\" data-element_type=\"widget\" data-settings=\"{&quot;_animation&quot;:&quot;fadeIn&quot;,&quot;_animation_delay&quot;:200,&quot;wcf_text_animation&quot;:&quot;none&quot;,&quot;wcf-animation&quot;:&quot;none&quot;}\" data-widget_type=\"text-editor.default\">\n\t\t\t\t<div class=\"elementor-widget-container\">\n\t\t\t\t\t\t\t\t\t<p><span style=\"font-weight: 400;\"><strong>We design and build innovative, scalable, and secure applications.<\/strong> Using agile methodologies and AI-powered tools, we accelerate development and turn your ideas into high-impact digital products. Our solutions are fully customized and seamlessly integrate with your existing systems. We support the entire product lifecycle \u2014 from concept to maintenance and evolution \u2014 with transparent processes and a user-centered approach.<\/span><\/p>\t\t\t\t\t\t\t\t<\/div>\n\t\t\t\t<\/div>\n\t\t\t\t<div class=\"elementor-element elementor-element-eb5f321 elementor-widget elementor-widget-aae--vertical-marquee\" data-id=\"eb5f321\" data-element_type=\"widget\" data-settings=\"{&quot;wcf-animation&quot;:&quot;none&quot;}\" data-widget_type=\"aae--vertical-marquee.default\">\n\t\t\t\t<div class=\"elementor-widget-container\">\n\t\t\t\t\t        <div class=\"aae--vl-marquee-wrapper\" data-duration=\"15\" data-pause=\"\">\r\n            <div class=\"aae--vl-marquee-container marquee-forward\">\r\n\t\t\t\t                    <div class=\"aae--vertical-marquee\">\r\n\t\t\t\t\t\t<p><span style=\"font-weight: 400;\"><img decoding=\"async\" class=\"alignnone size-full wp-image-353\" src=\"https:\/\/teamup.tech\/wp-content\/uploads\/2024\/08\/arrow-up-1.svg\" alt=\"\" width=\"11\" height=\"12\" \/>\u00a0 Fully customized solutions aligned with your business goals<\/span><span style=\"font-weight: 400;\"><br \/><\/span><\/p>                    <\/div>\r\n\t\t\t\t\t                    <div class=\"aae--vertical-marquee\">\r\n\t\t\t\t\t\t<p><span style=\"font-weight: 400;\"><img decoding=\"async\" class=\"alignnone size-full wp-image-353\" src=\"https:\/\/teamup.tech\/wp-content\/uploads\/2024\/08\/arrow-up-1.svg\" alt=\"\" width=\"11\" height=\"12\" \/>\u00a0 Seamless integration with existing systems (ERP, CRM, APIs, legacy)<\/span><span style=\"font-weight: 400;\"><br \/><\/span><\/p>                    <\/div>\r\n\t\t\t\t\t                    <div class=\"aae--vertical-marquee\">\r\n\t\t\t\t\t\t<p><span style=\"font-weight: 400;\"><img decoding=\"async\" class=\"alignnone size-full wp-image-353\" src=\"https:\/\/teamup.tech\/wp-content\/uploads\/2024\/08\/arrow-up-1.svg\" alt=\"\" width=\"11\" height=\"12\" \/> \u00a0<\/span><span style=\"font-weight: 400;\">Agile methodologies + AI to speed up delivery<\/span><\/p>                    <\/div>\r\n\t\t\t\t\t                    <div class=\"aae--vertical-marquee\">\r\n\t\t\t\t\t\t<p><span style=\"font-weight: 400;\"><img decoding=\"async\" class=\"alignnone size-full wp-image-353\" src=\"https:\/\/teamup.tech\/wp-content\/uploads\/2024\/08\/arrow-up-1.svg\" alt=\"\" width=\"11\" height=\"12\" \/>\u00a0 Transparent and collaborative process<\/span><span style=\"font-weight: 400;\"><br \/><\/span><\/p>                    <\/div>\r\n\t\t\t\t\t                    <div class=\"aae--vertical-marquee\">\r\n\t\t\t\t\t\t<p><span style=\"font-weight: 400;\"><img decoding=\"async\" class=\"alignnone size-full wp-image-353\" src=\"https:\/\/teamup.tech\/wp-content\/uploads\/2024\/08\/arrow-up-1.svg\" alt=\"\" width=\"11\" height=\"12\" \/>\u00a0 Ongoing support, maintenance, and scalability<\/span><\/p>                    <\/div>\r\n\t\t\t\t\t                    <div class=\"aae--vertical-marquee\">\r\n\t\t\t\t\t\t<p><span style=\"font-weight: 400;\"><img decoding=\"async\" class=\"alignnone size-full wp-image-353\" src=\"https:\/\/teamup.tech\/wp-content\/uploads\/2024\/08\/arrow-up-1.svg\" alt=\"\" width=\"11\" height=\"12\" \/>\u00a0 User experience as a core focus<\/span><span style=\"font-weight: 400;\"><br \/><\/span><\/p>                    <\/div>\r\n\t\t\t\t\t            <\/div>\r\n        <\/div>\r\n\t\t\t\t\t\t<\/div>\n\t\t\t\t<\/div>\n\t\t\t\t<\/div>\n\t\t\t\t\t<\/div>\n\t\t\t\t<\/div>\n\t\t\t\t<\/div>","protected":false},"excerpt":{"rendered":"<p>DESARROLLO DE SOFTWARE Contactanos Dise\u00f1amos y construimos aplicaciones innovadoras, escalables y seguras. Utilizamos metodolog\u00edas \u00e1giles y herramientas de inteligencia artificial para acelerar el desarrollo y transformar tus ideas en productos digitales de alto impacto. Nuestras soluciones son completamente a medida y se integran sin fricciones con tus sistemas actuales. Acompa\u00f1amos todo el ciclo de vida [&hellip;]<\/p>","protected":false},"author":1,"featured_media":0,"parent":0,"menu_order":0,"comment_status":"closed","ping_status":"closed","template":"","meta":{"footnotes":""},"class_list":["post-8978","page","type-page","status-publish","hentry"],"_links":{"self":[{"href":"https:\/\/teamup.tech\/en\/wp-json\/wp\/v2\/pages\/8978","targetHints":{"allow":["GET"]}}],"collection":[{"href":"https:\/\/teamup.tech\/en\/wp-json\/wp\/v2\/pages"}],"about":[{"href":"https:\/\/teamup.tech\/en\/wp-json\/wp\/v2\/types\/page"}],"author":[{"embeddable":true,"href":"https:\/\/teamup.tech\/en\/wp-json\/wp\/v2\/users\/1"}],"replies":[{"embeddable":true,"href":"https:\/\/teamup.tech\/en\/wp-json\/wp\/v2\/comments?post=8978"}],"version-history":[{"count":49,"href":"https:\/\/teamup.tech\/en\/wp-json\/wp\/v2\/pages\/8978\/revisions"}],"predecessor-version":[{"id":9657,"href":"https:\/\/teamup.tech\/en\/wp-json\/wp\/v2\/pages\/8978\/revisions\/9657"}],"wp:attachment":[{"href":"https:\/\/teamup.tech\/en\/wp-json\/wp\/v2\/media?parent=8978"}],"curies":[{"name":"wp","href":"https:\/\/api.w.org\/{rel}","templated":true}]}}